{"id":127,"date":"2018-05-28T07:16:38","date_gmt":"2018-05-28T05:16:38","guid":{"rendered":"https:\/\/careerfy.net\/jobshub\/?page_id=1486"},"modified":"2023-07-20T16:31:46","modified_gmt":"2023-07-20T14:31:46","slug":"feltetelek-es-kikotesek","status":"publish","type":"page","link":"https:\/\/job-point.nl\/hu\/algemene-voorwaarden\/","title":{"rendered":"Terms and Conditions"},"content":{"rendered":"<p>[vc_row][vc_column width=&#8221;2\/3&#8243;][vc_empty_space height=&#8221;30px&#8221;][vc_column_text]<\/p>\r\n<p>Bij JobPoint hechten we veel waarde aan het naleven van de hoogste standaarden in onze dienstverlening. Als uitzendbureau opereren wij volgens de Algemene Voorwaarden van de<a href=\"https:\/\/www.nbbu.nl\/\" target=\"_blank\" rel=\"noopener\"> NBBU<\/a> (Nederlandse Bond van Bemiddelings- en Uitzendondernemingen). Deze Algemene Voorwaarden zijn opgesteld om zowel de belangen van de uitzendondernemingen als die van de flexwerkers en opdrachtgevers te waarborgen.<\/p>\r\n\r\n<p>Deze Algemene Voorwaarden vormen een juridisch kader dat transparantie, betrouwbaarheid en eerlijkheid bevordert in onze dienstverlening. Deze voorwaarden bevatten belangrijke bepalingen met betrekking tot arbeidsvoorwaarden, cao&#8217;s, loonbetaling, veiligheid en gezondheid op de werkvloer, en nog veel meer. Het naleven van deze voorwaarden stelt ons in staat om een verantwoorde en professionele werkomgeving te bieden aan zowel uitzendkrachten als opdrachtgevers.<\/p>\r\n\r\n<p>Als u gebruikmaakt van onze diensten bij JobPoint, kunt u erop vertrouwen dat wij werken volgens de NBBU Voorwaarden. Deze voorwaarden bieden zekerheid en bescherming voor alle betrokken partijen en dragen bij aan een eerlijke en rechtvaardige arbeidsmarkt.<\/p>\r\n\r\n<p>Voor meer informatie over onze Algemene Voorwaarden en hoe deze van toepassing zijn bij JobPoint, kunt u contact met ons opnemen. Wij staan klaar om al uw vragen te beantwoorden en u te voorzien van de nodige informatie om uw arbeidsrelaties op een solide basis te laten rusten.<\/p>\r\n<p>[\/vc_column_text][\/vc_column][vc_column width=&#8221;1\/3&#8243;][vc_empty_space height=&#8221;30px&#8221;][careerfy_left_title h_title=&#8221;Downloads&#8221;][vc_column_text]<\/p>\r\n<h4><\/h4>\r\n<p>Wilt u de Algemene Voorwaarden voor het ter beschikking stellen van arbeidskrachten (uitzenden en payrolling) en arbeidsbemiddeling van NBBU lezen?<\/p>\r\n<p>[\/vc_column_text][careerfy_button btn_txt=&#8221;Download NBBU Algemene Voorwaarden (pdf)&#8221; btn_url=&#8221;https:\/\/job-point.nl\/wp-content\/uploads\/2023\/07\/NBBU_algemenevoorwaarden_jobpoint.pdf&#8221;][\/vc_column][\/vc_row]<\/p>","protected":false},"excerpt":{"rendered":"<p>[vc_row][vc_column width=&#8221;2\/3&#8243;][vc_empty_space height=&#8221;30px&#8221;][vc_column_text] Bij JobPoint hechten we veel waarde aan het naleven van de hoogste standaarden in onze dienstverlening. Als uitzendbureau opereren wij volgens de Algemene Voorwaarden van de NBBU (Nederlandse Bond van Bemiddelings- en Uitzendondernemingen). Deze Algemene Voorwaarden zijn opgesteld om zowel de belangen van de uitzendondernemingen als die van de flexwerkers en opdrachtgevers [&hellip;]<\/p>\n","protected":false},"author":1,"featured_media":0,"parent":0,"menu_order":0,"comment_status":"closed","ping_status":"closed","template":"","meta":{"inline_featured_image":false,"footnotes":""},"class_list":["post-127","page","type-page","status-publish","hentry"],"yoast_head":"<!-- This site is optimized with the Yoast SEO plugin v27.3 - https:\/\/yoast.com\/product\/yoast-seo-wordpress\/ -->\n<title>NBBU Algemene Voorwaarden voor het ter beschikkingstellen<\/title>\n<meta name=\"description\" content=\"NBBU Algemene voorwaarden voor het ter beschikkingstellen van arbeidskrachten(uitzenden en payrolling) enarbeidsbemiddeling\" \/>\n<meta name=\"robots\" content=\"index, follow, max-snippet:-1, max-image-preview:large, max-video-preview:-1\" \/>\n<link rel=\"canonical\" href=\"https:\/\/job-point.nl\/hu\/feltetelek-es-kikotesek\/\" \/>\n<meta property=\"og:locale\" content=\"hu_HU\" \/>\n<meta property=\"og:type\" content=\"article\" \/>\n<meta property=\"og:title\" content=\"NBBU Algemene Voorwaarden voor het ter beschikkingstellen\" \/>\n<meta property=\"og:description\" content=\"NBBU Algemene voorwaarden voor het ter beschikkingstellen van arbeidskrachten(uitzenden en payrolling) enarbeidsbemiddeling\" \/>\n<meta property=\"og:url\" content=\"https:\/\/job-point.nl\/hu\/feltetelek-es-kikotesek\/\" \/>\n<meta property=\"og:site_name\" content=\"JobPoint Nederland\" \/>\n<meta property=\"article:publisher\" content=\"https:\/\/nl-nl.facebook.com\/jobpointroyal.nl\/\" \/>\n<meta property=\"article:modified_time\" content=\"2023-07-20T14:31:46+00:00\" \/>\n<meta name=\"twitter:card\" content=\"summary_large_image\" \/>\n<meta name=\"twitter:label1\" content=\"Becs\u00fclt olvas\u00e1si id\u0151\" \/>\n\t<meta name=\"twitter:data1\" content=\"2 perc\" \/>\n<script type=\"application\/ld+json\" class=\"yoast-schema-graph\">{\"@context\":\"https:\\\/\\\/schema.org\",\"@graph\":[{\"@type\":\"WebPage\",\"@id\":\"https:\\\/\\\/job-point.nl\\\/algemene-voorwaarden\\\/\",\"url\":\"https:\\\/\\\/job-point.nl\\\/algemene-voorwaarden\\\/\",\"name\":\"NBBU Algemene Voorwaarden voor het ter beschikkingstellen\",\"isPartOf\":{\"@id\":\"https:\\\/\\\/job-point.nl\\\/bg\\\/#website\"},\"datePublished\":\"2018-05-28T05:16:38+00:00\",\"dateModified\":\"2023-07-20T14:31:46+00:00\",\"description\":\"NBBU Algemene voorwaarden voor het ter beschikkingstellen van arbeidskrachten(uitzenden en payrolling) enarbeidsbemiddeling\",\"breadcrumb\":{\"@id\":\"https:\\\/\\\/job-point.nl\\\/algemene-voorwaarden\\\/#breadcrumb\"},\"inLanguage\":\"hu\",\"potentialAction\":[{\"@type\":\"ReadAction\",\"target\":[\"https:\\\/\\\/job-point.nl\\\/algemene-voorwaarden\\\/\"]}]},{\"@type\":\"BreadcrumbList\",\"@id\":\"https:\\\/\\\/job-point.nl\\\/algemene-voorwaarden\\\/#breadcrumb\",\"itemListElement\":[{\"@type\":\"ListItem\",\"position\":1,\"name\":\"Home\",\"item\":\"https:\\\/\\\/job-point.nl\\\/\"},{\"@type\":\"ListItem\",\"position\":2,\"name\":\"Algemene Voorwaarden\"}]},{\"@type\":\"WebSite\",\"@id\":\"https:\\\/\\\/job-point.nl\\\/bg\\\/#website\",\"url\":\"https:\\\/\\\/job-point.nl\\\/bg\\\/\",\"name\":\"JobPoint Nederland\",\"description\":\"Uitzendbureau\",\"publisher\":{\"@id\":\"https:\\\/\\\/job-point.nl\\\/bg\\\/#organization\"},\"potentialAction\":[{\"@type\":\"SearchAction\",\"target\":{\"@type\":\"EntryPoint\",\"urlTemplate\":\"https:\\\/\\\/job-point.nl\\\/bg\\\/?s={search_term_string}\"},\"query-input\":{\"@type\":\"PropertyValueSpecification\",\"valueRequired\":true,\"valueName\":\"search_term_string\"}}],\"inLanguage\":\"hu\"},{\"@type\":\"Organization\",\"@id\":\"https:\\\/\\\/job-point.nl\\\/bg\\\/#organization\",\"name\":\"JobPoint Nederland\",\"url\":\"https:\\\/\\\/job-point.nl\\\/bg\\\/\",\"logo\":{\"@type\":\"ImageObject\",\"inLanguage\":\"hu\",\"@id\":\"https:\\\/\\\/job-point.nl\\\/bg\\\/#\\\/schema\\\/logo\\\/image\\\/\",\"url\":\"https:\\\/\\\/job-point.nl\\\/wp-content\\\/uploads\\\/2022\\\/11\\\/Logo-job-point-nederland.png\",\"contentUrl\":\"https:\\\/\\\/job-point.nl\\\/wp-content\\\/uploads\\\/2022\\\/11\\\/Logo-job-point-nederland.png\",\"width\":1000,\"height\":616,\"caption\":\"JobPoint Nederland\"},\"image\":{\"@id\":\"https:\\\/\\\/job-point.nl\\\/bg\\\/#\\\/schema\\\/logo\\\/image\\\/\"},\"sameAs\":[\"https:\\\/\\\/nl-nl.facebook.com\\\/jobpointroyal.nl\\\/\",\"https:\\\/\\\/www.linkedin.com\\\/company\\\/jobpointnl\\\/\"]}]}<\/script>\n<!-- \/ Yoast SEO plugin. -->","yoast_head_json":{"title":"Az NBBU \u00e1ltal\u00e1nos kik\u00fcldet\u00e9si felt\u00e9telei a munkav\u00e1llal\u00f3k kik\u00fcldet\u00e9s\u00e9re vonatkoz\u00f3an","description":"NBBU \u00c1ltal\u00e1nos Szerz\u0151d\u00e9si Felt\u00e9telek a munkaer\u0151-k\u00f6lcs\u00f6nz\u00e9sre (munkaer\u0151-k\u00f6lcs\u00f6nz\u00e9s \u00e9s b\u00e9rsz\u00e1mfejt\u00e9s) \u00e9s a munkaer\u0151-k\u00f6zvet\u00edt\u00e9sre vonatkoz\u00f3an","robots":{"index":"index","follow":"follow","max-snippet":"max-snippet:-1","max-image-preview":"max-image-preview:large","max-video-preview":"max-video-preview:-1"},"canonical":"https:\/\/job-point.nl\/hu\/feltetelek-es-kikotesek\/","og_locale":"hu_HU","og_type":"article","og_title":"NBBU Algemene Voorwaarden voor het ter beschikkingstellen","og_description":"NBBU Algemene voorwaarden voor het ter beschikkingstellen van arbeidskrachten(uitzenden en payrolling) enarbeidsbemiddeling","og_url":"https:\/\/job-point.nl\/hu\/feltetelek-es-kikotesek\/","og_site_name":"JobPoint Nederland","article_publisher":"https:\/\/nl-nl.facebook.com\/jobpointroyal.nl\/","article_modified_time":"2023-07-20T14:31:46+00:00","twitter_card":"summary_large_image","twitter_misc":{"Becs\u00fclt olvas\u00e1si id\u0151":"2 perc"},"schema":{"@context":"https:\/\/schema.org","@graph":[{"@type":"WebPage","@id":"https:\/\/job-point.nl\/algemene-voorwaarden\/","url":"https:\/\/job-point.nl\/algemene-voorwaarden\/","name":"Az NBBU \u00e1ltal\u00e1nos kik\u00fcldet\u00e9si felt\u00e9telei a munkav\u00e1llal\u00f3k kik\u00fcldet\u00e9s\u00e9re vonatkoz\u00f3an","isPartOf":{"@id":"https:\/\/job-point.nl\/bg\/#website"},"datePublished":"2018-05-28T05:16:38+00:00","dateModified":"2023-07-20T14:31:46+00:00","description":"NBBU \u00c1ltal\u00e1nos Szerz\u0151d\u00e9si Felt\u00e9telek a munkaer\u0151-k\u00f6lcs\u00f6nz\u00e9sre (munkaer\u0151-k\u00f6lcs\u00f6nz\u00e9s \u00e9s b\u00e9rsz\u00e1mfejt\u00e9s) \u00e9s a munkaer\u0151-k\u00f6zvet\u00edt\u00e9sre vonatkoz\u00f3an","breadcrumb":{"@id":"https:\/\/job-point.nl\/algemene-voorwaarden\/#breadcrumb"},"inLanguage":"hu","potentialAction":[{"@type":"ReadAction","target":["https:\/\/job-point.nl\/algemene-voorwaarden\/"]}]},{"@type":"BreadcrumbList","@id":"https:\/\/job-point.nl\/algemene-voorwaarden\/#breadcrumb","itemListElement":[{"@type":"ListItem","position":1,"name":"Home","item":"https:\/\/job-point.nl\/"},{"@type":"ListItem","position":2,"name":"Algemene Voorwaarden"}]},{"@type":"WebSite","@id":"https:\/\/job-point.nl\/bg\/#website","url":"https:\/\/job-point.nl\/bg\/","name":"JobPoint Hollandia","description":"Munkaer\u0151-k\u00f6zvet\u00edt\u0151 \u00fcgyn\u00f6ks\u00e9g","publisher":{"@id":"https:\/\/job-point.nl\/bg\/#organization"},"potentialAction":[{"@type":"SearchAction","target":{"@type":"EntryPoint","urlTemplate":"https:\/\/job-point.nl\/bg\/?s={search_term_string}"},"query-input":{"@type":"PropertyValueSpecification","valueRequired":true,"valueName":"search_term_string"}}],"inLanguage":"hu"},{"@type":"Organization","@id":"https:\/\/job-point.nl\/bg\/#organization","name":"JobPoint Hollandia","url":"https:\/\/job-point.nl\/bg\/","logo":{"@type":"ImageObject","inLanguage":"hu","@id":"https:\/\/job-point.nl\/bg\/#\/schema\/logo\/image\/","url":"https:\/\/job-point.nl\/wp-content\/uploads\/2022\/11\/Logo-job-point-nederland.png","contentUrl":"https:\/\/job-point.nl\/wp-content\/uploads\/2022\/11\/Logo-job-point-nederland.png","width":1000,"height":616,"caption":"JobPoint Nederland"},"image":{"@id":"https:\/\/job-point.nl\/bg\/#\/schema\/logo\/image\/"},"sameAs":["https:\/\/nl-nl.facebook.com\/jobpointroyal.nl\/","https:\/\/www.linkedin.com\/company\/jobpointnl\/"]}]}},"_links":{"self":[{"href":"https:\/\/job-point.nl\/hu\/wp-json\/wp\/v2\/pages\/127","targetHints":{"allow":["GET"]}}],"collection":[{"href":"https:\/\/job-point.nl\/hu\/wp-json\/wp\/v2\/pages"}],"about":[{"href":"https:\/\/job-point.nl\/hu\/wp-json\/wp\/v2\/types\/page"}],"author":[{"embeddable":true,"href":"https:\/\/job-point.nl\/hu\/wp-json\/wp\/v2\/users\/1"}],"replies":[{"embeddable":true,"href":"https:\/\/job-point.nl\/hu\/wp-json\/wp\/v2\/comments?post=127"}],"version-history":[{"count":12,"href":"https:\/\/job-point.nl\/hu\/wp-json\/wp\/v2\/pages\/127\/revisions"}],"predecessor-version":[{"id":1398,"href":"https:\/\/job-point.nl\/hu\/wp-json\/wp\/v2\/pages\/127\/revisions\/1398"}],"wp:attachment":[{"href":"https:\/\/job-point.nl\/hu\/wp-json\/wp\/v2\/media?parent=127"}],"curies":[{"name":"wp","href":"https:\/\/api.w.org\/{rel}","templated":true}]}}