{"id":1597,"date":"2023-11-07T15:43:50","date_gmt":"2023-11-07T14:43:50","guid":{"rendered":"https:\/\/job-point.nl\/?page_id=1597"},"modified":"2024-05-17T11:06:40","modified_gmt":"2024-05-17T09:06:40","slug":"regisztraljon-alkalmazottat","status":"publish","type":"page","link":"https:\/\/job-point.nl\/hu\/inschrijven-werknemer\/","title":{"rendered":"Alkalmazotti regisztr\u00e1ci\u00f3"},"content":{"rendered":"<div data-elementor-type=\"wp-page\" data-elementor-id=\"1597\" class=\"elementor elementor-1597\" data-elementor-post-type=\"page\">\n\t\t\t\t\t\t<section class=\"elementor-section elementor-top-section elementor-element elementor-element-251bd3e5 elementor-section-boxed elementor-section-height-default elementor-section-height-default\" data-id=\"251bd3e5\" data-element_type=\"section\" data-e-type=\"section\">\n\t\t\t\t\t\t<div class=\"elementor-container elementor-column-gap-default\">\n\t\t\t\t\t<div class=\"elementor-column elementor-col-100 elementor-top-column elementor-element elementor-element-8f129e4\" data-id=\"8f129e4\" data-element_type=\"column\" data-e-type=\"column\">\n\t\t\t<div class=\"elementor-widget-wrap elementor-element-populated\">\n\t\t\t\t\t\t<div class=\"elementor-element elementor-element-e61382d elementor-widget elementor-widget-html\" data-id=\"e61382d\" data-element_type=\"widget\" data-e-type=\"widget\" data-widget_type=\"html.default\">\n\t\t\t\t<div class=\"elementor-widget-container\">\n\t\t\t\t\t<!DOCTYPE html>\r\n<html lang=\"en\">\r\n<head>\r\n<meta charset=\"UTF-8\">\r\n<meta name=\"viewport\" content=\"width=device-width, initial-scale=1.0\">\r\n<style>\r\n  iframe {\r\n    width: 100%; \/* Ensures the iframe takes the full width of the container *\/\r\n    min-height: 1000px; \/* Minimum height specified here *\/\r\n    border: none; \/* Removes border around the iframe *\/\r\n  }\r\n<\/style>\r\n<\/head>\r\n<body>\r\n\r\n<iframe src=\"https:\/\/jobpoint.easyflex2go.nl\/inschrijven\" frameborder=\"0\" allowfullscreen><\/iframe>\r\n\r\n<\/body>\r\n<\/html>\r\n\t\t\t\t<\/div>\n\t\t\t\t<\/div>\n\t\t\t\t\t<\/div>\n\t\t<\/div>\n\t\t\t\t\t<\/div>\n\t\t<\/section>\n\t\t\t\t<\/div>","protected":false},"excerpt":{"rendered":"","protected":false},"author":1,"featured_media":1652,"parent":0,"menu_order":0,"comment_status":"closed","ping_status":"closed","template":"elementor_header_footer","meta":{"inline_featured_image":false,"footnotes":""},"class_list":["post-1597","page","type-page","status-publish","has-post-thumbnail","hentry"],"yoast_head":"<!-- This site is optimized with the Yoast SEO plugin v27.3 - https:\/\/yoast.com\/product\/yoast-seo-wordpress\/ -->\n<title>Inschrijven als werknemer bij JobPoint | Je droombaan<\/title>\n<meta name=\"description\" content=\"Inschrijven als werknemer bij JobPoint | Werk vinden in de foodsector en zorgsector, die goed past bij je wensen en kwalificatie.\" \/>\n<meta name=\"robots\" content=\"index, follow, max-snippet:-1, max-image-preview:large, max-video-preview:-1\" \/>\n<link rel=\"canonical\" href=\"https:\/\/job-point.nl\/hu\/regisztraljon-alkalmazottat\/\" \/>\n<meta property=\"og:locale\" content=\"hu_HU\" \/>\n<meta property=\"og:type\" content=\"article\" \/>\n<meta property=\"og:title\" content=\"Inschrijven als werknemer bij JobPoint | Je droombaan\" \/>\n<meta property=\"og:description\" content=\"Inschrijven als werknemer bij JobPoint | Werk vinden in de foodsector en zorgsector, die goed past bij je wensen en kwalificatie.\" \/>\n<meta property=\"og:url\" content=\"https:\/\/job-point.nl\/hu\/regisztraljon-alkalmazottat\/\" \/>\n<meta property=\"og:site_name\" content=\"JobPoint Nederland\" \/>\n<meta property=\"article:publisher\" content=\"https:\/\/nl-nl.facebook.com\/jobpointroyal.nl\/\" \/>\n<meta property=\"article:modified_time\" content=\"2024-05-17T09:06:40+00:00\" \/>\n<meta property=\"og:image\" content=\"https:\/\/job-point.nl\/wp-content\/uploads\/2023\/12\/Groenten-en-Fruitteelt-Werk.jpg\" \/>\n\t<meta property=\"og:image:width\" content=\"1000\" \/>\n\t<meta property=\"og:image:height\" content=\"667\" \/>\n\t<meta property=\"og:image:type\" content=\"image\/jpeg\" \/>\n<meta name=\"twitter:card\" content=\"summary_large_image\" \/>\n<meta name=\"twitter:label1\" content=\"Becs\u00fclt olvas\u00e1si id\u0151\" \/>\n\t<meta name=\"twitter:data1\" content=\"1 perc\" \/>\n<script type=\"application\/ld+json\" class=\"yoast-schema-graph\">{\"@context\":\"https:\\\/\\\/schema.org\",\"@graph\":[{\"@type\":\"WebPage\",\"@id\":\"https:\\\/\\\/job-point.nl\\\/inschrijven-werknemer\\\/\",\"url\":\"https:\\\/\\\/job-point.nl\\\/inschrijven-werknemer\\\/\",\"name\":\"Inschrijven als werknemer bij JobPoint | Je droombaan\",\"isPartOf\":{\"@id\":\"https:\\\/\\\/job-point.nl\\\/bg\\\/#website\"},\"primaryImageOfPage\":{\"@id\":\"https:\\\/\\\/job-point.nl\\\/inschrijven-werknemer\\\/#primaryimage\"},\"image\":{\"@id\":\"https:\\\/\\\/job-point.nl\\\/inschrijven-werknemer\\\/#primaryimage\"},\"thumbnailUrl\":\"https:\\\/\\\/job-point.nl\\\/wp-content\\\/uploads\\\/2023\\\/12\\\/Groenten-en-Fruitteelt-Werk.jpg\",\"datePublished\":\"2023-11-07T14:43:50+00:00\",\"dateModified\":\"2024-05-17T09:06:40+00:00\",\"description\":\"Inschrijven als werknemer bij JobPoint | Werk vinden in de foodsector en zorgsector, die goed past bij je wensen en kwalificatie.\",\"breadcrumb\":{\"@id\":\"https:\\\/\\\/job-point.nl\\\/inschrijven-werknemer\\\/#breadcrumb\"},\"inLanguage\":\"hu\",\"potentialAction\":[{\"@type\":\"ReadAction\",\"target\":[\"https:\\\/\\\/job-point.nl\\\/inschrijven-werknemer\\\/\"]}]},{\"@type\":\"ImageObject\",\"inLanguage\":\"hu\",\"@id\":\"https:\\\/\\\/job-point.nl\\\/inschrijven-werknemer\\\/#primaryimage\",\"url\":\"https:\\\/\\\/job-point.nl\\\/wp-content\\\/uploads\\\/2023\\\/12\\\/Groenten-en-Fruitteelt-Werk.jpg\",\"contentUrl\":\"https:\\\/\\\/job-point.nl\\\/wp-content\\\/uploads\\\/2023\\\/12\\\/Groenten-en-Fruitteelt-Werk.jpg\",\"width\":1000,\"height\":667,\"caption\":\"Groenten- en Fruitteelt Werk\"},{\"@type\":\"BreadcrumbList\",\"@id\":\"https:\\\/\\\/job-point.nl\\\/inschrijven-werknemer\\\/#breadcrumb\",\"itemListElement\":[{\"@type\":\"ListItem\",\"position\":1,\"name\":\"Home\",\"item\":\"https:\\\/\\\/job-point.nl\\\/\"},{\"@type\":\"ListItem\",\"position\":2,\"name\":\"Inschrijven werknemer\"}]},{\"@type\":\"WebSite\",\"@id\":\"https:\\\/\\\/job-point.nl\\\/bg\\\/#website\",\"url\":\"https:\\\/\\\/job-point.nl\\\/bg\\\/\",\"name\":\"JobPoint Nederland\",\"description\":\"Uitzendbureau\",\"publisher\":{\"@id\":\"https:\\\/\\\/job-point.nl\\\/bg\\\/#organization\"},\"potentialAction\":[{\"@type\":\"SearchAction\",\"target\":{\"@type\":\"EntryPoint\",\"urlTemplate\":\"https:\\\/\\\/job-point.nl\\\/bg\\\/?s={search_term_string}\"},\"query-input\":{\"@type\":\"PropertyValueSpecification\",\"valueRequired\":true,\"valueName\":\"search_term_string\"}}],\"inLanguage\":\"hu\"},{\"@type\":\"Organization\",\"@id\":\"https:\\\/\\\/job-point.nl\\\/bg\\\/#organization\",\"name\":\"JobPoint Nederland\",\"url\":\"https:\\\/\\\/job-point.nl\\\/bg\\\/\",\"logo\":{\"@type\":\"ImageObject\",\"inLanguage\":\"hu\",\"@id\":\"https:\\\/\\\/job-point.nl\\\/bg\\\/#\\\/schema\\\/logo\\\/image\\\/\",\"url\":\"https:\\\/\\\/job-point.nl\\\/wp-content\\\/uploads\\\/2022\\\/11\\\/Logo-job-point-nederland.png\",\"contentUrl\":\"https:\\\/\\\/job-point.nl\\\/wp-content\\\/uploads\\\/2022\\\/11\\\/Logo-job-point-nederland.png\",\"width\":1000,\"height\":616,\"caption\":\"JobPoint Nederland\"},\"image\":{\"@id\":\"https:\\\/\\\/job-point.nl\\\/bg\\\/#\\\/schema\\\/logo\\\/image\\\/\"},\"sameAs\":[\"https:\\\/\\\/nl-nl.facebook.com\\\/jobpointroyal.nl\\\/\",\"https:\\\/\\\/www.linkedin.com\\\/company\\\/jobpointnl\\\/\"]}]}<\/script>\n<!-- \/ Yoast SEO plugin. -->","yoast_head_json":{"title":"Regisztr\u00e1ljon munkav\u00e1llal\u00f3k\u00e9nt a JobPointn\u00e1l | \u00c1lmai munk\u00e1ja","description":"Regisztr\u00e1ljon munkav\u00e1llal\u00f3k\u00e9nt a JobPointon | Tal\u00e1ljon az \u00d6n ig\u00e9nyeinek \u00e9s k\u00e9pes\u00edt\u00e9s\u00e9nek megfelel\u0151 munk\u00e1t az \u00e9lelmiszer- \u00e9s \u00e1pol\u00e1si \u00e1gazatban.","robots":{"index":"index","follow":"follow","max-snippet":"max-snippet:-1","max-image-preview":"max-image-preview:large","max-video-preview":"max-video-preview:-1"},"canonical":"https:\/\/job-point.nl\/hu\/regisztraljon-alkalmazottat\/","og_locale":"hu_HU","og_type":"article","og_title":"Inschrijven als werknemer bij JobPoint | Je droombaan","og_description":"Inschrijven als werknemer bij JobPoint | Werk vinden in de foodsector en zorgsector, die goed past bij je wensen en kwalificatie.","og_url":"https:\/\/job-point.nl\/hu\/regisztraljon-alkalmazottat\/","og_site_name":"JobPoint Nederland","article_publisher":"https:\/\/nl-nl.facebook.com\/jobpointroyal.nl\/","article_modified_time":"2024-05-17T09:06:40+00:00","og_image":[{"width":1000,"height":667,"url":"https:\/\/job-point.nl\/wp-content\/uploads\/2023\/12\/Groenten-en-Fruitteelt-Werk.jpg","type":"image\/jpeg"}],"twitter_card":"summary_large_image","twitter_misc":{"Becs\u00fclt olvas\u00e1si id\u0151":"1 perc"},"schema":{"@context":"https:\/\/schema.org","@graph":[{"@type":"WebPage","@id":"https:\/\/job-point.nl\/inschrijven-werknemer\/","url":"https:\/\/job-point.nl\/inschrijven-werknemer\/","name":"Regisztr\u00e1ljon munkav\u00e1llal\u00f3k\u00e9nt a JobPointn\u00e1l | \u00c1lmai munk\u00e1ja","isPartOf":{"@id":"https:\/\/job-point.nl\/bg\/#website"},"primaryImageOfPage":{"@id":"https:\/\/job-point.nl\/inschrijven-werknemer\/#primaryimage"},"image":{"@id":"https:\/\/job-point.nl\/inschrijven-werknemer\/#primaryimage"},"thumbnailUrl":"https:\/\/job-point.nl\/wp-content\/uploads\/2023\/12\/Groenten-en-Fruitteelt-Werk.jpg","datePublished":"2023-11-07T14:43:50+00:00","dateModified":"2024-05-17T09:06:40+00:00","description":"Regisztr\u00e1ljon munkav\u00e1llal\u00f3k\u00e9nt a JobPointon | Tal\u00e1ljon az \u00d6n ig\u00e9nyeinek \u00e9s k\u00e9pes\u00edt\u00e9s\u00e9nek megfelel\u0151 munk\u00e1t az \u00e9lelmiszer- \u00e9s \u00e1pol\u00e1si \u00e1gazatban.","breadcrumb":{"@id":"https:\/\/job-point.nl\/inschrijven-werknemer\/#breadcrumb"},"inLanguage":"hu","potentialAction":[{"@type":"ReadAction","target":["https:\/\/job-point.nl\/inschrijven-werknemer\/"]}]},{"@type":"ImageObject","inLanguage":"hu","@id":"https:\/\/job-point.nl\/inschrijven-werknemer\/#primaryimage","url":"https:\/\/job-point.nl\/wp-content\/uploads\/2023\/12\/Groenten-en-Fruitteelt-Werk.jpg","contentUrl":"https:\/\/job-point.nl\/wp-content\/uploads\/2023\/12\/Groenten-en-Fruitteelt-Werk.jpg","width":1000,"height":667,"caption":"Groenten- en Fruitteelt Werk"},{"@type":"BreadcrumbList","@id":"https:\/\/job-point.nl\/inschrijven-werknemer\/#breadcrumb","itemListElement":[{"@type":"ListItem","position":1,"name":"Home","item":"https:\/\/job-point.nl\/"},{"@type":"ListItem","position":2,"name":"Inschrijven werknemer"}]},{"@type":"WebSite","@id":"https:\/\/job-point.nl\/bg\/#website","url":"https:\/\/job-point.nl\/bg\/","name":"JobPoint Hollandia","description":"Munkaer\u0151-k\u00f6zvet\u00edt\u0151 \u00fcgyn\u00f6ks\u00e9g","publisher":{"@id":"https:\/\/job-point.nl\/bg\/#organization"},"potentialAction":[{"@type":"SearchAction","target":{"@type":"EntryPoint","urlTemplate":"https:\/\/job-point.nl\/bg\/?s={search_term_string}"},"query-input":{"@type":"PropertyValueSpecification","valueRequired":true,"valueName":"search_term_string"}}],"inLanguage":"hu"},{"@type":"Organization","@id":"https:\/\/job-point.nl\/bg\/#organization","name":"JobPoint Hollandia","url":"https:\/\/job-point.nl\/bg\/","logo":{"@type":"ImageObject","inLanguage":"hu","@id":"https:\/\/job-point.nl\/bg\/#\/schema\/logo\/image\/","url":"https:\/\/job-point.nl\/wp-content\/uploads\/2022\/11\/Logo-job-point-nederland.png","contentUrl":"https:\/\/job-point.nl\/wp-content\/uploads\/2022\/11\/Logo-job-point-nederland.png","width":1000,"height":616,"caption":"JobPoint Nederland"},"image":{"@id":"https:\/\/job-point.nl\/bg\/#\/schema\/logo\/image\/"},"sameAs":["https:\/\/nl-nl.facebook.com\/jobpointroyal.nl\/","https:\/\/www.linkedin.com\/company\/jobpointnl\/"]}]}},"_links":{"self":[{"href":"https:\/\/job-point.nl\/hu\/wp-json\/wp\/v2\/pages\/1597","targetHints":{"allow":["GET"]}}],"collection":[{"href":"https:\/\/job-point.nl\/hu\/wp-json\/wp\/v2\/pages"}],"about":[{"href":"https:\/\/job-point.nl\/hu\/wp-json\/wp\/v2\/types\/page"}],"author":[{"embeddable":true,"href":"https:\/\/job-point.nl\/hu\/wp-json\/wp\/v2\/users\/1"}],"replies":[{"embeddable":true,"href":"https:\/\/job-point.nl\/hu\/wp-json\/wp\/v2\/comments?post=1597"}],"version-history":[{"count":22,"href":"https:\/\/job-point.nl\/hu\/wp-json\/wp\/v2\/pages\/1597\/revisions"}],"predecessor-version":[{"id":4558,"href":"https:\/\/job-point.nl\/hu\/wp-json\/wp\/v2\/pages\/1597\/revisions\/4558"}],"wp:featuredmedia":[{"embeddable":true,"href":"https:\/\/job-point.nl\/hu\/wp-json\/wp\/v2\/media\/1652"}],"wp:attachment":[{"href":"https:\/\/job-point.nl\/hu\/wp-json\/wp\/v2\/media?parent=1597"}],"curies":[{"name":"wp","href":"https:\/\/api.w.org\/{rel}","templated":true}]}}