{"id":1614,"date":"2023-12-05T20:03:46","date_gmt":"2023-12-05T19:03:46","guid":{"rendered":"https:\/\/job-point.nl\/?page_id=1614"},"modified":"2024-11-13T11:59:17","modified_gmt":"2024-11-13T10:59:17","slug":"regisztraljon-a-cimen","status":"publish","type":"page","link":"https:\/\/job-point.nl\/hu\/inschrijven-werkgevers\/","title":{"rendered":"Munk\u00e1ltat\u00f3i regisztr\u00e1ci\u00f3"},"content":{"rendered":"<p><!DOCTYPE html><br \/>\n<html lang=\"en\"><br \/>\n<head><br \/>\n<meta charset=\"UTF-8\"><br \/>\n<meta name=\"viewport\" content=\"width=device-width, initial-scale=1.0\"><\/p>\n<style>\n  iframe {\n    width: 100%; \/* Ensures the iframe takes the full width of the container *\/\n    min-height: 900px; \/* Minimum height specified here *\/\n    border: none; \/* Removes border around the iframe *\/\n  }\n<\/style>\n<p><\/head><br \/>\n<body><br \/>\n<iframe src=\"https:\/\/jobpoint.easyflex2go.nl\/inschrijven-relatie?cpi=3\" frameborder=\"0\" allowfullscreen><\/iframe><br \/>\n<\/body><br \/>\n<\/html><\/p>","protected":false},"excerpt":{"rendered":"","protected":false},"author":1,"featured_media":1885,"parent":0,"menu_order":0,"comment_status":"closed","ping_status":"closed","template":"elementor_header_footer","meta":{"inline_featured_image":false,"footnotes":""},"class_list":["post-1614","page","type-page","status-publish","has-post-thumbnail","hentry"],"yoast_head":"<!-- This site is optimized with the Yoast SEO plugin v27.3 - https:\/\/yoast.com\/product\/yoast-seo-wordpress\/ -->\n<title>Inschrijven als werkgever bij JobPoint | Personeel vinden<\/title>\n<meta name=\"description\" content=\"Inschrijven als werkgever bij JobPoint | Personeel vinden in de foodsector en zorgsector, die goed past bij je bedrijf.\" \/>\n<meta name=\"robots\" content=\"index, follow, max-snippet:-1, max-image-preview:large, max-video-preview:-1\" \/>\n<link rel=\"canonical\" href=\"https:\/\/job-point.nl\/hu\/regisztraljon-a-cimen\/\" \/>\n<meta property=\"og:locale\" content=\"hu_HU\" \/>\n<meta property=\"og:type\" content=\"article\" \/>\n<meta property=\"og:title\" content=\"Inschrijven als werkgever bij JobPoint | Personeel vinden\" \/>\n<meta property=\"og:description\" content=\"Inschrijven als werkgever bij JobPoint | Personeel vinden in de foodsector en zorgsector, die goed past bij je bedrijf.\" \/>\n<meta property=\"og:url\" content=\"https:\/\/job-point.nl\/hu\/regisztraljon-a-cimen\/\" \/>\n<meta property=\"og:site_name\" content=\"JobPoint Nederland\" \/>\n<meta property=\"article:publisher\" content=\"https:\/\/nl-nl.facebook.com\/jobpointroyal.nl\/\" \/>\n<meta property=\"article:modified_time\" content=\"2024-11-13T10:59:17+00:00\" \/>\n<meta property=\"og:image\" content=\"https:\/\/job-point.nl\/wp-content\/uploads\/2024\/03\/Het-Antwoord-op-Personeelstekorten.jpg\" \/>\n\t<meta property=\"og:image:width\" content=\"1000\" \/>\n\t<meta property=\"og:image:height\" content=\"672\" \/>\n\t<meta property=\"og:image:type\" content=\"image\/jpeg\" \/>\n<meta name=\"twitter:card\" content=\"summary_large_image\" \/>\n<meta name=\"twitter:label1\" content=\"Becs\u00fclt olvas\u00e1si id\u0151\" \/>\n\t<meta name=\"twitter:data1\" content=\"1 perc\" \/>\n<script type=\"application\/ld+json\" class=\"yoast-schema-graph\">{\"@context\":\"https:\\\/\\\/schema.org\",\"@graph\":[{\"@type\":\"WebPage\",\"@id\":\"https:\\\/\\\/job-point.nl\\\/inschrijven-werkgevers\\\/\",\"url\":\"https:\\\/\\\/job-point.nl\\\/inschrijven-werkgevers\\\/\",\"name\":\"Inschrijven als werkgever bij JobPoint | Personeel vinden\",\"isPartOf\":{\"@id\":\"https:\\\/\\\/job-point.nl\\\/bg\\\/#website\"},\"primaryImageOfPage\":{\"@id\":\"https:\\\/\\\/job-point.nl\\\/inschrijven-werkgevers\\\/#primaryimage\"},\"image\":{\"@id\":\"https:\\\/\\\/job-point.nl\\\/inschrijven-werkgevers\\\/#primaryimage\"},\"thumbnailUrl\":\"https:\\\/\\\/job-point.nl\\\/wp-content\\\/uploads\\\/2024\\\/03\\\/Het-Antwoord-op-Personeelstekorten.jpg\",\"datePublished\":\"2023-12-05T19:03:46+00:00\",\"dateModified\":\"2024-11-13T10:59:17+00:00\",\"description\":\"Inschrijven als werkgever bij JobPoint | Personeel vinden in de foodsector en zorgsector, die goed past bij je bedrijf.\",\"breadcrumb\":{\"@id\":\"https:\\\/\\\/job-point.nl\\\/inschrijven-werkgevers\\\/#breadcrumb\"},\"inLanguage\":\"hu\",\"potentialAction\":[{\"@type\":\"ReadAction\",\"target\":[\"https:\\\/\\\/job-point.nl\\\/inschrijven-werkgevers\\\/\"]}]},{\"@type\":\"ImageObject\",\"inLanguage\":\"hu\",\"@id\":\"https:\\\/\\\/job-point.nl\\\/inschrijven-werkgevers\\\/#primaryimage\",\"url\":\"https:\\\/\\\/job-point.nl\\\/wp-content\\\/uploads\\\/2024\\\/03\\\/Het-Antwoord-op-Personeelstekorten.jpg\",\"contentUrl\":\"https:\\\/\\\/job-point.nl\\\/wp-content\\\/uploads\\\/2024\\\/03\\\/Het-Antwoord-op-Personeelstekorten.jpg\",\"width\":1000,\"height\":672,\"caption\":\"Het Antwoord op Personeelstekorten\"},{\"@type\":\"BreadcrumbList\",\"@id\":\"https:\\\/\\\/job-point.nl\\\/inschrijven-werkgevers\\\/#breadcrumb\",\"itemListElement\":[{\"@type\":\"ListItem\",\"position\":1,\"name\":\"Home\",\"item\":\"https:\\\/\\\/job-point.nl\\\/\"},{\"@type\":\"ListItem\",\"position\":2,\"name\":\"Inschrijven werkgever\"}]},{\"@type\":\"WebSite\",\"@id\":\"https:\\\/\\\/job-point.nl\\\/bg\\\/#website\",\"url\":\"https:\\\/\\\/job-point.nl\\\/bg\\\/\",\"name\":\"JobPoint Nederland\",\"description\":\"Uitzendbureau\",\"publisher\":{\"@id\":\"https:\\\/\\\/job-point.nl\\\/bg\\\/#organization\"},\"potentialAction\":[{\"@type\":\"SearchAction\",\"target\":{\"@type\":\"EntryPoint\",\"urlTemplate\":\"https:\\\/\\\/job-point.nl\\\/bg\\\/?s={search_term_string}\"},\"query-input\":{\"@type\":\"PropertyValueSpecification\",\"valueRequired\":true,\"valueName\":\"search_term_string\"}}],\"inLanguage\":\"hu\"},{\"@type\":\"Organization\",\"@id\":\"https:\\\/\\\/job-point.nl\\\/bg\\\/#organization\",\"name\":\"JobPoint Nederland\",\"url\":\"https:\\\/\\\/job-point.nl\\\/bg\\\/\",\"logo\":{\"@type\":\"ImageObject\",\"inLanguage\":\"hu\",\"@id\":\"https:\\\/\\\/job-point.nl\\\/bg\\\/#\\\/schema\\\/logo\\\/image\\\/\",\"url\":\"https:\\\/\\\/job-point.nl\\\/wp-content\\\/uploads\\\/2022\\\/11\\\/Logo-job-point-nederland.png\",\"contentUrl\":\"https:\\\/\\\/job-point.nl\\\/wp-content\\\/uploads\\\/2022\\\/11\\\/Logo-job-point-nederland.png\",\"width\":1000,\"height\":616,\"caption\":\"JobPoint Nederland\"},\"image\":{\"@id\":\"https:\\\/\\\/job-point.nl\\\/bg\\\/#\\\/schema\\\/logo\\\/image\\\/\"},\"sameAs\":[\"https:\\\/\\\/nl-nl.facebook.com\\\/jobpointroyal.nl\\\/\",\"https:\\\/\\\/www.linkedin.com\\\/company\\\/jobpointnl\\\/\"]}]}<\/script>\n<!-- \/ Yoast SEO plugin. -->","yoast_head_json":{"title":"Regisztr\u00e1ljon munk\u00e1ltat\u00f3k\u00e9nt a JobPointon | Munkav\u00e1llal\u00f3k keres\u00e9se","description":"Regisztr\u00e1ljon munk\u00e1ltat\u00f3k\u00e9nt a JobPointon | Tal\u00e1lja meg a v\u00e1llalkoz\u00e1s\u00e1hoz ill\u0151 munkat\u00e1rsakat az \u00e9lelmiszer- \u00e9s eg\u00e9szs\u00e9g\u00fcgyi \u00e1gazatban.","robots":{"index":"index","follow":"follow","max-snippet":"max-snippet:-1","max-image-preview":"max-image-preview:large","max-video-preview":"max-video-preview:-1"},"canonical":"https:\/\/job-point.nl\/hu\/regisztraljon-a-cimen\/","og_locale":"hu_HU","og_type":"article","og_title":"Inschrijven als werkgever bij JobPoint | Personeel vinden","og_description":"Inschrijven als werkgever bij JobPoint | Personeel vinden in de foodsector en zorgsector, die goed past bij je bedrijf.","og_url":"https:\/\/job-point.nl\/hu\/regisztraljon-a-cimen\/","og_site_name":"JobPoint Nederland","article_publisher":"https:\/\/nl-nl.facebook.com\/jobpointroyal.nl\/","article_modified_time":"2024-11-13T10:59:17+00:00","og_image":[{"width":1000,"height":672,"url":"https:\/\/job-point.nl\/wp-content\/uploads\/2024\/03\/Het-Antwoord-op-Personeelstekorten.jpg","type":"image\/jpeg"}],"twitter_card":"summary_large_image","twitter_misc":{"Becs\u00fclt olvas\u00e1si id\u0151":"1 perc"},"schema":{"@context":"https:\/\/schema.org","@graph":[{"@type":"WebPage","@id":"https:\/\/job-point.nl\/inschrijven-werkgevers\/","url":"https:\/\/job-point.nl\/inschrijven-werkgevers\/","name":"Regisztr\u00e1ljon munk\u00e1ltat\u00f3k\u00e9nt a JobPointon | Munkav\u00e1llal\u00f3k keres\u00e9se","isPartOf":{"@id":"https:\/\/job-point.nl\/bg\/#website"},"primaryImageOfPage":{"@id":"https:\/\/job-point.nl\/inschrijven-werkgevers\/#primaryimage"},"image":{"@id":"https:\/\/job-point.nl\/inschrijven-werkgevers\/#primaryimage"},"thumbnailUrl":"https:\/\/job-point.nl\/wp-content\/uploads\/2024\/03\/Het-Antwoord-op-Personeelstekorten.jpg","datePublished":"2023-12-05T19:03:46+00:00","dateModified":"2024-11-13T10:59:17+00:00","description":"Regisztr\u00e1ljon munk\u00e1ltat\u00f3k\u00e9nt a JobPointon | Tal\u00e1lja meg a v\u00e1llalkoz\u00e1s\u00e1hoz ill\u0151 munkat\u00e1rsakat az \u00e9lelmiszer- \u00e9s eg\u00e9szs\u00e9g\u00fcgyi \u00e1gazatban.","breadcrumb":{"@id":"https:\/\/job-point.nl\/inschrijven-werkgevers\/#breadcrumb"},"inLanguage":"hu","potentialAction":[{"@type":"ReadAction","target":["https:\/\/job-point.nl\/inschrijven-werkgevers\/"]}]},{"@type":"ImageObject","inLanguage":"hu","@id":"https:\/\/job-point.nl\/inschrijven-werkgevers\/#primaryimage","url":"https:\/\/job-point.nl\/wp-content\/uploads\/2024\/03\/Het-Antwoord-op-Personeelstekorten.jpg","contentUrl":"https:\/\/job-point.nl\/wp-content\/uploads\/2024\/03\/Het-Antwoord-op-Personeelstekorten.jpg","width":1000,"height":672,"caption":"Het Antwoord op Personeelstekorten"},{"@type":"BreadcrumbList","@id":"https:\/\/job-point.nl\/inschrijven-werkgevers\/#breadcrumb","itemListElement":[{"@type":"ListItem","position":1,"name":"Home","item":"https:\/\/job-point.nl\/"},{"@type":"ListItem","position":2,"name":"Inschrijven werkgever"}]},{"@type":"WebSite","@id":"https:\/\/job-point.nl\/bg\/#website","url":"https:\/\/job-point.nl\/bg\/","name":"JobPoint Hollandia","description":"Munkaer\u0151-k\u00f6zvet\u00edt\u0151 \u00fcgyn\u00f6ks\u00e9g","publisher":{"@id":"https:\/\/job-point.nl\/bg\/#organization"},"potentialAction":[{"@type":"SearchAction","target":{"@type":"EntryPoint","urlTemplate":"https:\/\/job-point.nl\/bg\/?s={search_term_string}"},"query-input":{"@type":"PropertyValueSpecification","valueRequired":true,"valueName":"search_term_string"}}],"inLanguage":"hu"},{"@type":"Organization","@id":"https:\/\/job-point.nl\/bg\/#organization","name":"JobPoint Hollandia","url":"https:\/\/job-point.nl\/bg\/","logo":{"@type":"ImageObject","inLanguage":"hu","@id":"https:\/\/job-point.nl\/bg\/#\/schema\/logo\/image\/","url":"https:\/\/job-point.nl\/wp-content\/uploads\/2022\/11\/Logo-job-point-nederland.png","contentUrl":"https:\/\/job-point.nl\/wp-content\/uploads\/2022\/11\/Logo-job-point-nederland.png","width":1000,"height":616,"caption":"JobPoint Nederland"},"image":{"@id":"https:\/\/job-point.nl\/bg\/#\/schema\/logo\/image\/"},"sameAs":["https:\/\/nl-nl.facebook.com\/jobpointroyal.nl\/","https:\/\/www.linkedin.com\/company\/jobpointnl\/"]}]}},"_links":{"self":[{"href":"https:\/\/job-point.nl\/hu\/wp-json\/wp\/v2\/pages\/1614","targetHints":{"allow":["GET"]}}],"collection":[{"href":"https:\/\/job-point.nl\/hu\/wp-json\/wp\/v2\/pages"}],"about":[{"href":"https:\/\/job-point.nl\/hu\/wp-json\/wp\/v2\/types\/page"}],"author":[{"embeddable":true,"href":"https:\/\/job-point.nl\/hu\/wp-json\/wp\/v2\/users\/1"}],"replies":[{"embeddable":true,"href":"https:\/\/job-point.nl\/hu\/wp-json\/wp\/v2\/comments?post=1614"}],"version-history":[{"count":17,"href":"https:\/\/job-point.nl\/hu\/wp-json\/wp\/v2\/pages\/1614\/revisions"}],"predecessor-version":[{"id":4976,"href":"https:\/\/job-point.nl\/hu\/wp-json\/wp\/v2\/pages\/1614\/revisions\/4976"}],"wp:featuredmedia":[{"embeddable":true,"href":"https:\/\/job-point.nl\/hu\/wp-json\/wp\/v2\/media\/1885"}],"wp:attachment":[{"href":"https:\/\/job-point.nl\/hu\/wp-json\/wp\/v2\/media?parent=1614"}],"curies":[{"name":"wp","href":"https:\/\/api.w.org\/{rel}","templated":true}]}}