{"id":833,"date":"2023-01-10T12:00:05","date_gmt":"2023-01-10T11:00:05","guid":{"rendered":"https:\/\/job-point.nl\/?page_id=833"},"modified":"2026-01-02T18:59:56","modified_gmt":"2026-01-02T17:59:56","slug":"megbeszeles-utemezese","status":"publish","type":"page","link":"https:\/\/job-point.nl\/hu\/plan-een-gesprek-in\/","title":{"rendered":"Tal\u00e1lkoz\u00f3 \u00fctemez\u00e9se"},"content":{"rendered":"\t\t<div data-elementor-type=\"wp-page\" data-elementor-id=\"833\" class=\"elementor elementor-833\" data-elementor-post-type=\"page\">\n\t\t\t\t\t\t<section class=\"elementor-section elementor-top-section elementor-element elementor-element-04051f0 elementor-section-stretched elementor-section-boxed elementor-section-height-default elementor-section-height-default\" data-id=\"04051f0\" data-element_type=\"section\" data-e-type=\"section\" data-settings=\"{&quot;stretch_section&quot;:&quot;section-stretched&quot;}\">\n\t\t\t\t\t\t<div class=\"elementor-container elementor-column-gap-extended\">\n\t\t\t\t\t<div class=\"elementor-column elementor-col-100 elementor-top-column elementor-element elementor-element-ce23d17 elementor-invisible\" data-id=\"ce23d17\" data-element_type=\"column\" data-e-type=\"column\" data-settings=\"{&quot;animation&quot;:&quot;slide-up&quot;}\">\n\t\t\t<div class=\"elementor-widget-wrap elementor-element-populated\">\n\t\t\t\t\t\t<div class=\"elementor-element elementor-element-33ed35f elementor-widget elementor-widget-heading\" data-id=\"33ed35f\" data-element_type=\"widget\" data-e-type=\"widget\" data-widget_type=\"heading.default\">\n\t\t\t\t<div class=\"elementor-widget-container\">\n\t\t\t\t\t<h1 class=\"elementor-heading-title elementor-size-default\">Wij bellen jou graag terug<\/h1>\t\t\t\t<\/div>\n\t\t\t\t<\/div>\n\t\t\t\t\t<\/div>\n\t\t<\/div>\n\t\t\t\t\t<\/div>\n\t\t<\/section>\n\t\t\t\t<section class=\"elementor-section elementor-top-section elementor-element elementor-element-29cd1177 elementor-section-boxed elementor-section-height-default elementor-section-height-default\" data-id=\"29cd1177\" data-element_type=\"section\" data-e-type=\"section\">\n\t\t\t\t\t\t<div class=\"elementor-container elementor-column-gap-default\">\n\t\t\t\t\t<div class=\"elementor-column elementor-col-100 elementor-top-column elementor-element elementor-element-2acac4e2\" data-id=\"2acac4e2\" data-element_type=\"column\" data-e-type=\"column\">\n\t\t\t<div class=\"elementor-widget-wrap elementor-element-populated\">\n\t\t\t\t\t\t<div class=\"elementor-element elementor-element-23ab5ee fluent-form-widget-step-header-yes fluent-form-widget-step-progressbar-yes fluentform-widget-submit-button-custom elementor-widget elementor-widget-fluent-form-widget\" data-id=\"23ab5ee\" data-element_type=\"widget\" data-e-type=\"widget\" data-widget_type=\"fluent-form-widget.default\">\n\t\t\t\t<div class=\"elementor-widget-container\">\n\t\t\t\t\t\n            <div class=\"fluentform-widget-wrapper fluentform-widget-align-default\">\n\n            \n            <div class='fluentform ff-default fluentform_wrapper_1 ffs_default_wrap'><form data-form_id=\"1\" id=\"fluentform_1\" class=\"frm-fluent-form fluent_form_1 ff-el-form-top ff_form_instance_1_1 ff-form-loading ffs_default\" data-form_instance=\"ff_form_instance_1_1\" method=\"POST\" ><fieldset  style=\"border: none!important;margin: 0!important;padding: 0!important;background-color: transparent!important;box-shadow: none!important;outline: none!important; min-inline-size: 100%;\">\n                    <legend class=\"ff_screen_reader_title\" style=\"display: block; margin: 0!important;padding: 0!important;height: 0!important;text-indent: -999999px;width: 0!important;overflow:hidden;\">Plan een gesprek<\/legend><input type='hidden' name='__fluent_form_embded_post_id' value='833' \/><input type=\"hidden\" id=\"_fluentform_1_fluentformnonce\" name=\"_fluentform_1_fluentformnonce\" value=\"bb0ff33d08\" \/><input type=\"hidden\" name=\"_wp_http_referer\" value=\"\/hu\/wp-json\/wp\/v2\/pages\/833\" \/><div class='ff-el-group ff-el-form-hide_label'><div class=\"ff-el-input--label ff-el-is-required asterisk-right\"><label for='ff_1_dropdown_1' id='label_ff_1_dropdown_1' aria-label=\"Ik zoek\">Ik zoek<\/label><\/div><div class='ff-el-input--content'><select name=\"dropdown_1\" id=\"ff_1_dropdown_1\" class=\"ff-el-form-control\" data-name=\"dropdown_1\" data-calc_value=\"0\"  aria-invalid=\"false\" aria-required=\"true\" aria-labelledby=\"label_ff_1_dropdown_1\"><option value=\"\">- IK ZOEK -<\/option><option value=\"Personeel\"  >Personeel<\/option><option value=\"Werk\"  >Werk<\/option><\/select><\/div><\/div><div class='ff-el-group ff-el-form-hide_label has-conditions'><div class=\"ff-el-input--label ff-el-is-required asterisk-right\"><label for='ff_1_subject' id='label_ff_1_subject' aria-label=\"Bedrijfsnaam\">Bedrijfsnaam<\/label><\/div><div class='ff-el-input--content'><input type=\"text\" name=\"subject\" class=\"ff-el-form-control\" placeholder=\"Bedrijfsnaam\" data-name=\"subject\" id=\"ff_1_subject\"  aria-invalid=\"false\" aria-required=true><\/div><\/div><div data-type=\"name-element\" data-name=\"names\" class=\" ff-field_container ff-name-field-wrapper\" ><div class='ff-t-container'><div class='ff-t-cell '><div class='ff-el-group  ff-el-form-hide_label'><div class=\"ff-el-input--label ff-el-is-required asterisk-right\"><label for='ff_1_names_first_name_' id='label_ff_1_names_first_name_' >Voornaam<\/label><\/div><div class='ff-el-input--content'><input type=\"text\" name=\"names[first_name]\" id=\"ff_1_names_first_name_\" class=\"ff-el-form-control\" placeholder=\"Voornaam\" aria-invalid=\"false\" aria-required=true><\/div><\/div><\/div><div class='ff-t-cell '><div class='ff-el-group  ff-el-form-hide_label'><div class=\"ff-el-input--label ff-el-is-required asterisk-right\"><label for='ff_1_names_last_name_' id='label_ff_1_names_last_name_' >Achternaam<\/label><\/div><div class='ff-el-input--content'><input type=\"text\" name=\"names[last_name]\" id=\"ff_1_names_last_name_\" class=\"ff-el-form-control\" placeholder=\"Achternaam\" aria-invalid=\"false\" aria-required=true><\/div><\/div><\/div><\/div><\/div><div class='ff-el-group ff-el-form-hide_label'><div class=\"ff-el-input--label ff-el-is-required asterisk-right\"><label for='ff_1_email' id='label_ff_1_email' aria-label=\"Emailadres\">Emailadres<\/label><\/div><div class='ff-el-input--content'><input type=\"email\" name=\"email\" id=\"ff_1_email\" class=\"ff-el-form-control\" placeholder=\"Emailadres\" data-name=\"email\"  aria-invalid=\"false\" aria-required=true><\/div><\/div><div class='ff-el-group ff-el-form-hide_label'><div class=\"ff-el-input--label ff-el-is-required asterisk-right\"><label for='ff_1_numeric-field' id='label_ff_1_numeric-field' aria-label=\"Telefoonnummer\">Telefoonnummer<\/label><\/div><div class='ff-el-input--content'><input type=\"number\" name=\"numeric-field\" id=\"ff_1_numeric-field\" class=\"ff-el-form-control\" placeholder=\"Telefoonnummer\" data-name=\"numeric-field\" inputmode=\"numeric\" step=\"any\"  aria-invalid=\"false\" aria-required=true><\/div><\/div><div class='ff-el-group ff-text-left ff_submit_btn_wrapper ff_submit_btn_wrapper_custom'><button class=\"ff-btn ff-btn-submit ff-btn-md ff_btn_style wpf_has_custom_css\" type=\"submit\" name=\"custom_submit_button-1_1\" data-name=\"custom_submit_button-1_1\"  aria-label=\"Bel mij terug\">Bel mij terug<\/button><style>form.fluent_form_1 .wpf_has_custom_css.ff-btn-submit { background-color:rgba(0, 149, 214, 1);border-color:#409EFF;color:#ffffff;min-width:100%; }form.fluent_form_1 .wpf_has_custom_css.ff-btn-submit:hover { background-color:#ffffff;border-color:#409EFF;color:#409EFF;min-width:100%; } <\/style><\/div><\/fieldset><\/form><div id='fluentform_1_errors' class='ff-errors-in-stack ff_form_instance_1_1 ff-form-loading_errors ff_form_instance_1_1_errors'><\/div><\/div>            <script type=\"text\/javascript\">\n                window.fluent_form_ff_form_instance_1_1 = {\"id\":\"1\",\"settings\":{\"layout\":{\"labelPlacement\":\"top\",\"helpMessagePlacement\":\"with_label\",\"errorMessagePlacement\":\"inline\",\"cssClassName\":\"\",\"asteriskPlacement\":\"asterisk-right\"},\"restrictions\":{\"denyEmptySubmission\":{\"enabled\":false}}},\"form_instance\":\"ff_form_instance_1_1\",\"form_id_selector\":\"fluentform_1\",\"rules\":{\"dropdown_1\":{\"required\":{\"value\":true,\"message\":\"Ez egy k\\u00f6telez\\u0151 mez\\u0151\",\"global_message\":\"Dit veld is vereist\",\"global\":true}},\"subject\":{\"required\":{\"value\":true,\"message\":\"Verplicht in te vullen\",\"global\":false,\"global_message\":\"Dit veld is vereist\"}},\"names[first_name]\":{\"required\":{\"value\":true,\"message\":\"Verplicht in te vullen\",\"global\":false,\"global_message\":\"Dit veld is vereist\"}},\"names[middle_name]\":{\"required\":{\"value\":false,\"message\":\"This field is required\",\"global\":false,\"global_message\":\"Dit veld is vereist\"}},\"names[last_name]\":{\"required\":{\"value\":true,\"message\":\"Verplicht in te vullen\",\"global\":false,\"global_message\":\"Dit veld is vereist\"}},\"email\":{\"required\":{\"value\":true,\"message\":\"Verplicht in te vullen\",\"global\":false,\"global_message\":\"Dit veld is vereist\"},\"email\":{\"value\":true,\"message\":\"Een correct emailadres invullen, graag.\",\"global\":false,\"global_message\":\"Dit veld moet een geldig e-mailadres bevatten\"}},\"numeric-field\":{\"required\":{\"value\":true,\"message\":\"Dit veld is vereist\",\"global\":false,\"global_message\":\"Dit veld is vereist\"},\"numeric\":{\"value\":true,\"message\":\"Dit veld moet een een numerieke waarde bevatten\",\"global\":false,\"global_message\":\"Dit veld moet een een numerieke waarde bevatten\"},\"min\":{\"value\":\"\",\"message\":\"Minimumwaarde is \",\"global\":false,\"global_message\":\"Validatie mislukt voor minimum waarde\"},\"max\":{\"value\":\"\",\"message\":\"Maximumwaarde is \",\"global\":false,\"global_message\":\"Validatie mislukt voor maximale waarde\"},\"digits\":{\"value\":\"\",\"message\":\"Het aantal cijfers moet zijn \",\"global\":false,\"global_message\":\"Validatie mislukt voor beperkte cijfers\"}}},\"debounce_time\":300,\"conditionals\":{\"subject\":{\"type\":\"any\",\"status\":true,\"conditions\":[{\"field\":\"dropdown_1\",\"value\":\"Personeel\",\"operator\":\"=\"}],\"condition_groups\":[{\"rules\":[{\"field\":\"\",\"value\":\"\",\"operator\":\"\"}],\"title\":\"\",\"isEditingTitle\":false,\"isPreviewOpen\":false,\"isGroupOpen\":true}]}}};\n                            <\/script>\n                        <\/div>\n\n            \t\t\t\t<\/div>\n\t\t\t\t<\/div>\n\t\t\t\t\t<\/div>\n\t\t<\/div>\n\t\t\t\t\t<\/div>\n\t\t<\/section>\n\t\t\t\t<\/div>\n\t\t","protected":false},"excerpt":{"rendered":"<p>Wij bellen jou graag terug Plan een gesprek Ik zoek&#8211; IK ZOEK &#8211;PersoneelWerkBedrijfsnaamVoornaamAchternaamEmailadresTelefoonnummerBel mij terug<\/p>","protected":false},"author":1,"featured_media":0,"parent":0,"menu_order":0,"comment_status":"closed","ping_status":"closed","template":"elementor_header_footer","meta":{"inline_featured_image":false,"footnotes":""},"class_list":["post-833","page","type-page","status-publish","hentry"],"yoast_head":"<!-- This site is optimized with the Yoast SEO plugin v27.3 - https:\/\/yoast.com\/product\/yoast-seo-wordpress\/ -->\n<title>Plan een gesprek met job point uitzendbureau<\/title>\n<meta name=\"description\" content=\"Contact informatie van Job Point. Gebruik deze contactgegevens om met ons contact op te nemen. Wij reagere meestal binnen een uur.\" \/>\n<meta name=\"robots\" content=\"index, follow, max-snippet:-1, max-image-preview:large, max-video-preview:-1\" \/>\n<link rel=\"canonical\" href=\"https:\/\/job-point.nl\/hu\/megbeszeles-utemezese\/\" \/>\n<meta property=\"og:locale\" content=\"hu_HU\" \/>\n<meta property=\"og:type\" content=\"article\" \/>\n<meta property=\"og:title\" content=\"Plan een gesprek met job point uitzendbureau\" \/>\n<meta property=\"og:description\" content=\"Contact informatie van Job Point. Gebruik deze contactgegevens om met ons contact op te nemen. Wij reagere meestal binnen een uur.\" \/>\n<meta property=\"og:url\" content=\"https:\/\/job-point.nl\/hu\/megbeszeles-utemezese\/\" \/>\n<meta property=\"og:site_name\" content=\"JobPoint Nederland\" \/>\n<meta property=\"article:publisher\" content=\"https:\/\/nl-nl.facebook.com\/jobpointroyal.nl\/\" \/>\n<meta property=\"article:modified_time\" content=\"2026-01-02T17:59:56+00:00\" \/>\n<meta name=\"twitter:card\" content=\"summary_large_image\" \/>\n<meta name=\"twitter:label1\" content=\"Becs\u00fclt olvas\u00e1si id\u0151\" \/>\n\t<meta name=\"twitter:data1\" content=\"1 perc\" \/>\n<script type=\"application\/ld+json\" class=\"yoast-schema-graph\">{\"@context\":\"https:\\\/\\\/schema.org\",\"@graph\":[{\"@type\":\"WebPage\",\"@id\":\"https:\\\/\\\/job-point.nl\\\/plan-een-gesprek-in\\\/\",\"url\":\"https:\\\/\\\/job-point.nl\\\/plan-een-gesprek-in\\\/\",\"name\":\"Plan een gesprek met job point uitzendbureau\",\"isPartOf\":{\"@id\":\"https:\\\/\\\/job-point.nl\\\/bg\\\/#website\"},\"datePublished\":\"2023-01-10T11:00:05+00:00\",\"dateModified\":\"2026-01-02T17:59:56+00:00\",\"description\":\"Contact informatie van Job Point. Gebruik deze contactgegevens om met ons contact op te nemen. Wij reagere meestal binnen een uur.\",\"breadcrumb\":{\"@id\":\"https:\\\/\\\/job-point.nl\\\/plan-een-gesprek-in\\\/#breadcrumb\"},\"inLanguage\":\"hu\",\"potentialAction\":[{\"@type\":\"ReadAction\",\"target\":[\"https:\\\/\\\/job-point.nl\\\/plan-een-gesprek-in\\\/\"]}]},{\"@type\":\"BreadcrumbList\",\"@id\":\"https:\\\/\\\/job-point.nl\\\/plan-een-gesprek-in\\\/#breadcrumb\",\"itemListElement\":[{\"@type\":\"ListItem\",\"position\":1,\"name\":\"Home\",\"item\":\"https:\\\/\\\/job-point.nl\\\/\"},{\"@type\":\"ListItem\",\"position\":2,\"name\":\"Plan een gesprek in\"}]},{\"@type\":\"WebSite\",\"@id\":\"https:\\\/\\\/job-point.nl\\\/bg\\\/#website\",\"url\":\"https:\\\/\\\/job-point.nl\\\/bg\\\/\",\"name\":\"JobPoint Nederland\",\"description\":\"Uitzendbureau\",\"publisher\":{\"@id\":\"https:\\\/\\\/job-point.nl\\\/bg\\\/#organization\"},\"potentialAction\":[{\"@type\":\"SearchAction\",\"target\":{\"@type\":\"EntryPoint\",\"urlTemplate\":\"https:\\\/\\\/job-point.nl\\\/bg\\\/?s={search_term_string}\"},\"query-input\":{\"@type\":\"PropertyValueSpecification\",\"valueRequired\":true,\"valueName\":\"search_term_string\"}}],\"inLanguage\":\"hu\"},{\"@type\":\"Organization\",\"@id\":\"https:\\\/\\\/job-point.nl\\\/bg\\\/#organization\",\"name\":\"JobPoint Nederland\",\"url\":\"https:\\\/\\\/job-point.nl\\\/bg\\\/\",\"logo\":{\"@type\":\"ImageObject\",\"inLanguage\":\"hu\",\"@id\":\"https:\\\/\\\/job-point.nl\\\/bg\\\/#\\\/schema\\\/logo\\\/image\\\/\",\"url\":\"https:\\\/\\\/job-point.nl\\\/wp-content\\\/uploads\\\/2022\\\/11\\\/Logo-job-point-nederland.png\",\"contentUrl\":\"https:\\\/\\\/job-point.nl\\\/wp-content\\\/uploads\\\/2022\\\/11\\\/Logo-job-point-nederland.png\",\"width\":1000,\"height\":616,\"caption\":\"JobPoint Nederland\"},\"image\":{\"@id\":\"https:\\\/\\\/job-point.nl\\\/bg\\\/#\\\/schema\\\/logo\\\/image\\\/\"},\"sameAs\":[\"https:\\\/\\\/nl-nl.facebook.com\\\/jobpointroyal.nl\\\/\",\"https:\\\/\\\/www.linkedin.com\\\/company\\\/jobpointnl\\\/\"]}]}<\/script>\n<!-- \/ Yoast SEO plugin. -->","yoast_head_json":{"title":"Tervezzen interj\u00fat a job point munkak\u00f6zvet\u00edt\u0151 \u00fcgyn\u00f6ks\u00e9ggel","description":"Job Point el\u00e9rhet\u0151s\u00e9gek. K\u00e9rj\u00fck, haszn\u00e1lja ezeket az el\u00e9rhet\u0151s\u00e9geket a kapcsolatfelv\u00e9telhez. \u00c1ltal\u00e1ban egy \u00f3r\u00e1n bel\u00fcl v\u00e1laszolunk.","robots":{"index":"index","follow":"follow","max-snippet":"max-snippet:-1","max-image-preview":"max-image-preview:large","max-video-preview":"max-video-preview:-1"},"canonical":"https:\/\/job-point.nl\/hu\/megbeszeles-utemezese\/","og_locale":"hu_HU","og_type":"article","og_title":"Plan een gesprek met job point uitzendbureau","og_description":"Contact informatie van Job Point. Gebruik deze contactgegevens om met ons contact op te nemen. Wij reagere meestal binnen een uur.","og_url":"https:\/\/job-point.nl\/hu\/megbeszeles-utemezese\/","og_site_name":"JobPoint Nederland","article_publisher":"https:\/\/nl-nl.facebook.com\/jobpointroyal.nl\/","article_modified_time":"2026-01-02T17:59:56+00:00","twitter_card":"summary_large_image","twitter_misc":{"Becs\u00fclt olvas\u00e1si id\u0151":"1 perc"},"schema":{"@context":"https:\/\/schema.org","@graph":[{"@type":"WebPage","@id":"https:\/\/job-point.nl\/plan-een-gesprek-in\/","url":"https:\/\/job-point.nl\/plan-een-gesprek-in\/","name":"Tervezzen interj\u00fat a job point munkak\u00f6zvet\u00edt\u0151 \u00fcgyn\u00f6ks\u00e9ggel","isPartOf":{"@id":"https:\/\/job-point.nl\/bg\/#website"},"datePublished":"2023-01-10T11:00:05+00:00","dateModified":"2026-01-02T17:59:56+00:00","description":"Job Point el\u00e9rhet\u0151s\u00e9gek. K\u00e9rj\u00fck, haszn\u00e1lja ezeket az el\u00e9rhet\u0151s\u00e9geket a kapcsolatfelv\u00e9telhez. \u00c1ltal\u00e1ban egy \u00f3r\u00e1n bel\u00fcl v\u00e1laszolunk.","breadcrumb":{"@id":"https:\/\/job-point.nl\/plan-een-gesprek-in\/#breadcrumb"},"inLanguage":"hu","potentialAction":[{"@type":"ReadAction","target":["https:\/\/job-point.nl\/plan-een-gesprek-in\/"]}]},{"@type":"BreadcrumbList","@id":"https:\/\/job-point.nl\/plan-een-gesprek-in\/#breadcrumb","itemListElement":[{"@type":"ListItem","position":1,"name":"Home","item":"https:\/\/job-point.nl\/"},{"@type":"ListItem","position":2,"name":"Plan een gesprek in"}]},{"@type":"WebSite","@id":"https:\/\/job-point.nl\/bg\/#website","url":"https:\/\/job-point.nl\/bg\/","name":"JobPoint Hollandia","description":"Munkaer\u0151-k\u00f6zvet\u00edt\u0151 \u00fcgyn\u00f6ks\u00e9g","publisher":{"@id":"https:\/\/job-point.nl\/bg\/#organization"},"potentialAction":[{"@type":"SearchAction","target":{"@type":"EntryPoint","urlTemplate":"https:\/\/job-point.nl\/bg\/?s={search_term_string}"},"query-input":{"@type":"PropertyValueSpecification","valueRequired":true,"valueName":"search_term_string"}}],"inLanguage":"hu"},{"@type":"Organization","@id":"https:\/\/job-point.nl\/bg\/#organization","name":"JobPoint Hollandia","url":"https:\/\/job-point.nl\/bg\/","logo":{"@type":"ImageObject","inLanguage":"hu","@id":"https:\/\/job-point.nl\/bg\/#\/schema\/logo\/image\/","url":"https:\/\/job-point.nl\/wp-content\/uploads\/2022\/11\/Logo-job-point-nederland.png","contentUrl":"https:\/\/job-point.nl\/wp-content\/uploads\/2022\/11\/Logo-job-point-nederland.png","width":1000,"height":616,"caption":"JobPoint Nederland"},"image":{"@id":"https:\/\/job-point.nl\/bg\/#\/schema\/logo\/image\/"},"sameAs":["https:\/\/nl-nl.facebook.com\/jobpointroyal.nl\/","https:\/\/www.linkedin.com\/company\/jobpointnl\/"]}]}},"_links":{"self":[{"href":"https:\/\/job-point.nl\/hu\/wp-json\/wp\/v2\/pages\/833","targetHints":{"allow":["GET"]}}],"collection":[{"href":"https:\/\/job-point.nl\/hu\/wp-json\/wp\/v2\/pages"}],"about":[{"href":"https:\/\/job-point.nl\/hu\/wp-json\/wp\/v2\/types\/page"}],"author":[{"embeddable":true,"href":"https:\/\/job-point.nl\/hu\/wp-json\/wp\/v2\/users\/1"}],"replies":[{"embeddable":true,"href":"https:\/\/job-point.nl\/hu\/wp-json\/wp\/v2\/comments?post=833"}],"version-history":[{"count":41,"href":"https:\/\/job-point.nl\/hu\/wp-json\/wp\/v2\/pages\/833\/revisions"}],"predecessor-version":[{"id":6195,"href":"https:\/\/job-point.nl\/hu\/wp-json\/wp\/v2\/pages\/833\/revisions\/6195"}],"wp:attachment":[{"href":"https:\/\/job-point.nl\/hu\/wp-json\/wp\/v2\/media?parent=833"}],"curies":[{"name":"wp","href":"https:\/\/api.w.org\/{rel}","templated":true}]}}